{"id":8,"date":"2022-03-14T17:51:21","date_gmt":"2022-03-14T17:51:21","guid":{"rendered":"https:\/\/inworks-ec.com\/?page_id=8"},"modified":"2024-08-29T03:16:08","modified_gmt":"2024-08-29T03:16:08","slug":"mesmerize","status":"publish","type":"page","link":"https:\/\/inworks-ec.com\/","title":{"rendered":"Inicio"},"content":{"rendered":"<div  id=\"servicios\" style=\"background-color: #ffffff;\" data-label=\"Servicios\" data-id=\"features-16-card-bordered\" data-export-id=\"features-16-card-bordered\" data-category=\"features\" class=\"features-16-card-bordered content-section content-section-spacing\"><div  class=\"gridContainer\"> <div  class=\"row text-center\"><div  class=\"section-title-col\" data-type=\"column\"> <h2  class=\"\" style=\"border-bottom-color: rgb(240, 45, 12);\">Resumen de Servicios<\/h2> <p  class=\"lead\">Nos especializamos en varios campos tecnol\u00f3gicos y la integraci\u00f3n de dichas soluciones<\/p><\/div> <\/div> <div  class=\"row spaced-cols\" data-type=\"row\"> <div  class=\"col-xs-12 col-sm-6 col-md-3 \"> <div  class=\"card no-padding bordered y-move\"> <img  decoding=\"async\" class=\"face\" src=\"https:\/\/inworks-ec.com\/wp-content\/uploads\/2022\/03\/cable-ethernet_1.webp\" title=\"cableado\" alt=\"\"> <div  data-type=\"column\" class=\"col-padding-small col-padding-small-xs description-container\"> <h4  class=\"font-500\">Redes de datos<\/h4> <p  class=\"\">-Cableado estructurado\n<br >-Fibra \u00f3ptica<br >-Inal\u00e1mbricas\n<br >-Seguridades<\/p><\/div> <div  data-type=\"column\" class=\"col-padding-small col-padding-small-xs read-more-container\"><a class=\"read-more\" href=\"#\" target=\"_self\" data-cp-link=\"1\" rel=\"noopener\">+ informaci\u00f3n<\/a><\/div> <\/div><\/div> <div  class=\"col-xs-12 col-sm-6 col-md-3 \"><div  class=\"card no-padding bordered y-move\"> <img  decoding=\"async\" class=\"face\" src=\"https:\/\/inworks-ec.com\/wp-content\/uploads\/2022\/03\/it-infrastructure.jpg\" title=\"it infrastructure\" alt=\"racks\"> <div  data-type=\"column\" class=\"col-padding-small col-padding-small-xs description-container\"> <h4  class=\"font-500\">Infraestructura<\/h4> <p  class=\"\">-Desktops\n<br >-Port\u00e1tiles\n<br >-Servidores\n<br >-Virtualizaci\u00f3n<\/p><\/div> <div  data-type=\"column\" class=\"col-padding-small col-padding-small-xs read-more-container\"><a class=\"read-more\" href=\"#\" target=\"_self\" data-cp-link=\"1\" rel=\"noopener\">+ informaci\u00f3n<\/a><\/div> <\/div><\/div> <div  class=\"col-xs-12 col-sm-6 col-md-3 \"><div  class=\"card no-padding bordered y-move\"> <img  decoding=\"async\" class=\"face\" src=\"https:\/\/inworks-ec.com\/wp-content\/uploads\/2022\/03\/cctv-h_fixed.jpg\" title=\"security cameras\" alt=\"\"> <div  data-type=\"column\" class=\"col-padding-small col-padding-small-xs description-container\"> <h4  class=\"font-500\">Seguridad Electr\u00f3nica<\/h4> <p  class=\"\">-CCTV\n<br >-Intrusi\u00f3n\n<br >-Acceso\n<br >-Incendios<\/p><\/div> <div  data-type=\"column\" class=\"col-padding-small col-padding-small-xs read-more-container\"><a class=\"read-more\" href=\"#\" target=\"_self\" data-cp-link=\"1\" rel=\"noopener\">+ informaci\u00f3n<\/a><\/div> <\/div><\/div> <div  class=\"col-xs-12 col-sm-6 col-md-3 \"> <div  class=\"card no-padding bordered y-move\"> <img  decoding=\"async\" class=\"face\" src=\"https:\/\/inworks-ec.com\/wp-content\/uploads\/2022\/03\/electrico-h_fixed.jpg\" title=\"electrico h_fixed\" alt=\"\"> <div  data-type=\"column\" class=\"col-padding-small col-padding-small-xs description-container\"> <h4  class=\"font-500\">Electricidad <\/h4> <p  class=\"\">-Baja y media tensi\u00f3n\n<br >-Paneles.\n<br >-UPS\n<br >-Automatizaci\u00f3n<\/p><\/div> <div  data-type=\"column\" class=\"col-padding-small col-padding-small-xs read-more-container\"><a class=\"read-more\" href=\"#\" target=\"_self\" data-cp-link=\"1\" rel=\"noopener\">+ informaci\u00f3n<\/a><\/div> <\/div><\/div><\/div><\/div> <\/div><div  id=\"empresa\" style=\"background-color: #f5fafd;\" data-label=\"Empresa\" data-id=\"content-2\" data-export-id=\"content-2\" data-category=\"content\" class=\"content-2 content-section content-section-spacing\"><div > <div  class=\"row middle-xs\"><div  class=\"col-sm-5 bg-image shadow-large-black\" data-bg=\"image\" style=\"background-image: url(&quot;https:\/\/inworks-ec.com\/wp-content\/uploads\/2022\/03\/Empresa-TI-02.jpg&quot;);\"><\/div> <div  class=\"col-sm-7 full-col-left-padding full-col-right-padding\"> <div  class=\"row\"> <div  data-type=\"column\" class=\"space-bottom-small content-title-col\">  <h2  class=\"\" style=\"border-bottom-color: rgb(240, 45, 12);\">Presentaci\u00f3n de la empresa<\/h2> <p  class=\"\">Nuestro personal cuenta con la experiencia para la implementaci\u00f3n de soluciones tecnol\u00f3gicas que cumplan con sus expectativas y siempre de la mano de nuestros valores:<\/p><\/div> <\/div> <div  class=\"row spaced-cols \" data-type=\"row\"> <div  class=\"col-xs-6\" data-type=\"column\"> <h5  class=\"\">PROFESIONALISMO<\/h5> <p  class=\"\">T\u00e9cnico y operativo<\/p><\/div> <div  class=\"col-xs-6\" data-type=\"column\"><h5  class=\"\">COMPROMISO<\/h5> <p  class=\"\">Entrega puntual<\/p><\/div> <div  class=\"col-xs-6\" data-type=\"column\"><h5  class=\"\">RESPALDO<\/h5> <p  class=\"\">Soporte post-venta<\/p><\/div> <div  class=\"col-xs-6\" data-type=\"column\"><h5  class=\"\">EFICIENCIA<\/h5> <p  class=\"\">Relaci\u00f3n costo-beneficio<\/p><\/div> <\/div><\/div> <\/div><\/div> <\/div><div  data-label=\"Marcas\" data-id=\"clients--1\" data-export-id=\"clients-1\" data-category=\"clients\" class=\"clients-1 content-section content-section-spacing\" id=\"marcas\" style=\"background-color: rgb(255, 255, 255); background-image: none;\"><div  class=\"gridContainer\"> <div  class=\"row middle-sm\"><div  data-type=\"column\" class=\"col-sm-6 space-bottom-xs\"> <h2  class=\"font-700\" style=\"border-bottom-color: rgb(240, 45, 12);\">Respaldo de marcas<\/h2> <p  class=\"lead\">Trabajamos con marcas reconocidas y de gran desempe\u00f1o con alternativas para cada segmento de mercado o necesidades espec\u00edficas.<\/p><\/div> <div  class=\"col-sm-6\"><div  data-type=\"row\" class=\"row spaced-cols center-xs padding-lr\">   <div  class=\"col-xs-3\"> <a data-cp-link=\"1\" href=\"https:\/\/www.panduit.com\/latam\/es\/home.html\" class=\"\" target=\"_blank\" rel=\"noopener\"><img  decoding=\"async\" src=\"https:\/\/inworks-ec.com\/wp-content\/uploads\/2022\/03\/Panduit-logo-fixed.png\" class=\"desaturate\" title=\"Panduit-logo fixed\" alt=\"Panduit logo\"><\/a><h6  class=\"\">CABLEADO<\/h6><\/div><div  class=\"col-xs-3\"> <a data-cp-link=\"1\" href=\"https:\/\/www.cisco.com\/c\/es_ec\/index.html\" class=\"\" target=\"_blank\" rel=\"noopener\"><img  decoding=\"async\" src=\"https:\/\/inworks-ec.com\/wp-content\/uploads\/2022\/03\/cisco-logo-fixed.png\" class=\"desaturate\" title=\"cisco logo fixed\" alt=\"cisco logo\"><\/a><h6  class=\"\">REDES<\/h6><\/div> <div  class=\"col-xs-3\"> <a data-cp-link=\"1\" href=\"https:\/\/www.hpe.com\/lamerica\/es\/home.html\" class=\"\" target=\"_blank\" rel=\"noopener\"><img  decoding=\"async\" src=\"https:\/\/inworks-ec.com\/wp-content\/uploads\/2022\/03\/hpe-logo-fixed.png\" class=\"desaturate\" title=\"hpe-logo fixed\" alt=\"HPE logo\"><\/a><h6  class=\"\">EQUIPOS<\/h6><\/div> <div  class=\"col-xs-3\"> <a data-cp-link=\"1\" href=\"https:\/\/www.ui.com\" class=\"\" target=\"_blank\" rel=\"noopener\"><img  decoding=\"async\" src=\"https:\/\/inworks-ec.com\/wp-content\/uploads\/2022\/03\/ubiquiti-networks-logo-fixed.png\" class=\"desaturate\" title=\"Bosch-Logo\" alt=\"BOSCH logo\"><\/a><h6  class=\"\">WIRELESS<\/h6><\/div><div  class=\"col-xs-3\"> <a data-cp-link=\"1\" href=\"https:\/\/www.boschsecurity.com\/xl\/es\" class=\"\" target=\"_blank\" rel=\"noopener\"><img  decoding=\"async\" src=\"https:\/\/inworks-ec.com\/wp-content\/uploads\/2022\/03\/Bosch-Logo.png\" class=\"desaturate\" title=\"Bosch-Logo\" alt=\"BOSCH logo\"><\/a><h6  class=\"\">ALARMAS<\/h6><\/div><div  class=\"col-xs-3\"> <a data-cp-link=\"1\" href=\"https:\/\/www.hikvision.com\/es-la\" class=\"\" target=\"_blank\" rel=\"noopener\"><img  decoding=\"async\" src=\"https:\/\/inworks-ec.com\/wp-content\/uploads\/2022\/03\/Hikvision_logo-fixed.jpg\" class=\"desaturate\" title=\"Honeywell-Logo fixed\" alt=\"Honeywell logo\"><\/a><h6  class=\"\">CCTV<\/h6><\/div><div  class=\"col-xs-3\"> <a data-cp-link=\"1\" href=\"https:\/\/www.grandstream.com\" class=\"\" target=\"_blank\" rel=\"noopener\"><img  decoding=\"async\" src=\"https:\/\/inworks-ec.com\/wp-content\/uploads\/2024\/08\/cropped-box_logo_full.jpg\" class=\"desaturate\" title=\"APC-Logo fixed\" alt=\"APC logo\"><\/a><h6  class=\"\">VOIP<\/h6><\/div><div  class=\"col-xs-3\"> <a data-cp-link=\"1\" href=\"https:\/\/www.apc.com\/ec\/es\" class=\"\" target=\"_blank\" rel=\"noopener\"><img  decoding=\"async\" src=\"https:\/\/inworks-ec.com\/wp-content\/uploads\/2022\/03\/APC-Logo-fixed.jpg\" class=\"desaturate\" title=\"cisco logo fixed\" alt=\"cisco logo\"><\/a><h6  class=\"\">UPS\/PDUs<\/h6><\/div><\/div><\/div> <\/div><\/div> <\/div><div  id=\"novedades\" style=\"background-color: #f5fafd;\" data-label=\"Novedades\" data-id=\"blog-section\" data-export-id=\"blog-section\" data-category=\"latest_news\" class=\"blog-section blog-section-standard content-section content-section-spacing\"><div  class=\"gridContainer\"> <div  class=\"row\"><div  data-type=\"column\" class=\"section-title-col\"> <h2  class=\"\" style=\"border-bottom-color: rgb(240, 45, 12);\">Novedades<\/h2> <p  class=\"lead\">Esta secci\u00f3n le mostrar\u00e1 temas tecnol\u00f3gicos y ofertas.<\/p><\/div> <\/div> <div  class=\"row\"> <div  data-type=\"row\" data-dynamic-columns=\"handled\" data-content-shortcode=\"mesmerize_latest_news columns=&quot;4&quot; \">\t\t<div class=\"row center-sm content-left-sm\">\n\t\t\t<\/div>\n\t<\/div><\/div> <div  class=\"row\"><div  class=\"text-center\"> <a  class=\"button color1\" data-attr-shortcode=\"href:mesmerize_blog_link\" href=\"https:\/\/inworks-ec.com\/?page_id=9\">VER TODAS LAS ENTRADAS<\/a><\/div> <\/div><\/div><\/div><div  id=\"contacto\" data-label=\"Contacto\" data-id=\"contact-1\" data-export-id=\"contact-1\" data-category=\"contact\" class=\"contact-1 content-section content-section-spacing white-text\" data-parallax-depth=\"20\" style=\"background-size: cover; background-position: center top; background-image: url(&quot;https:\/\/inworks-ec.com\/wp-content\/uploads\/2022\/03\/keyboard_contactus.jpg&quot;);\"><div  class=\"gridContainer\"> <div  class=\"row text-center\"><div  class=\"section-title-col\" data-type=\"column\"> <h2  class=\"\" style=\"border-bottom-color: rgb(240, 45, 12);\">Contacto&nbsp;<\/h2> <p  class=\"lead\">Dejenos sus dudas o comentarios<\/p><\/div> <\/div> <div  class=\"row text-center\"> <div  class=\"col-xs-12 col-sm-8 col-sm-offset-2 contact-form-wrapper inline-info\"> <div  class=\"card large-padding\"> <div  class=\"\" data-content-shortcode=\"mesmerize_contact_form shortcode=&quot;wpforms id=&amp;amp;quot;102&amp;amp;quot; title=&amp;amp;quot;false&amp;amp;quot;&quot;\" data-editable=\"true\"><div class=\"wpforms-container wpforms-container-full\" id=\"wpforms-102\"><form id=\"wpforms-form-102\" class=\"wpforms-validate wpforms-form wpforms-ajax-form\" data-formid=\"102\" method=\"post\" enctype=\"multipart\/form-data\" action=\"\/index.php?rest_route=%2Fwp%2Fv2%2Fpages%2F8\" data-token=\"ef6b6dd3aa9e535c56fcc35dcab7e2ea\" data-token-time=\"1778681619\"><noscript class=\"wpforms-error-noscript\">Please enable JavaScript in your browser to complete this form.<\/noscript><div class=\"wpforms-field-container\"><div id=\"wpforms-102-field_0-container\" class=\"wpforms-field wpforms-field-name\" data-field-id=\"0\"><label class=\"wpforms-field-label\">Nombre <span class=\"wpforms-required-label\">*<\/span><\/label><div class=\"wpforms-field-row wpforms-field-medium\"><div class=\"wpforms-field-row-block wpforms-first wpforms-one-half\"><input type=\"text\" id=\"wpforms-102-field_0\" class=\"wpforms-field-name-first wpforms-field-required\" name=\"wpforms[fields][0][first]\" required><label for=\"wpforms-102-field_0\" class=\"wpforms-field-sublabel after\">First<\/label><\/div><div class=\"wpforms-field-row-block wpforms-one-half\"><input type=\"text\" id=\"wpforms-102-field_0-last\" class=\"wpforms-field-name-last wpforms-field-required\" name=\"wpforms[fields][0][last]\" required><label for=\"wpforms-102-field_0-last\" class=\"wpforms-field-sublabel after\">Last<\/label><\/div><\/div><\/div><div id=\"wpforms-102-field_1-container\" class=\"wpforms-field wpforms-field-email\" data-field-id=\"1\"><label class=\"wpforms-field-label\" for=\"wpforms-102-field_1\">Correo electr\u00f3nico <span class=\"wpforms-required-label\">*<\/span><\/label><input type=\"email\" id=\"wpforms-102-field_1\" class=\"wpforms-field-medium wpforms-field-required\" name=\"wpforms[fields][1]\" spellcheck=\"false\" required><\/div><div id=\"wpforms-102-field_3-container\" class=\"wpforms-field wpforms-field-number\" data-field-id=\"3\"><label class=\"wpforms-field-label\" for=\"wpforms-102-field_3\">Tel\u00e9fono<\/label><input type=\"number\" id=\"wpforms-102-field_3\" class=\"wpforms-field-medium\" name=\"wpforms[fields][3]\" value=\"+593\" step=\"any\" ><\/div><div id=\"wpforms-102-field_2-container\" class=\"wpforms-field wpforms-field-textarea\" data-field-id=\"2\"><label class=\"wpforms-field-label\" for=\"wpforms-102-field_2\">Comentario o mensaje <span class=\"wpforms-required-label\">*<\/span><\/label><textarea id=\"wpforms-102-field_2\" class=\"wpforms-field-medium wpforms-field-required\" name=\"wpforms[fields][2]\" required><\/textarea><\/div><\/div><!-- .wpforms-field-container --><div class=\"wpforms-submit-container\" ><input type=\"hidden\" name=\"wpforms[id]\" value=\"102\"><input type=\"hidden\" name=\"page_title\" value=\"\"><input type=\"hidden\" name=\"page_url\" value=\"https:\/\/inworks-ec.com\/index.php?rest_route=\/wp\/v2\/pages\/8\"><input type=\"hidden\" name=\"url_referer\" value=\"\"><button type=\"submit\" name=\"wpforms[submit]\" id=\"wpforms-submit-102\" class=\"wpforms-submit\" data-alt-text=\"Sending...\" data-submit-text=\"Submit\" aria-live=\"assertive\" value=\"wpforms-submit\">Submit<\/button><img decoding=\"async\" src=\"https:\/\/inworks-ec.com\/wp-content\/plugins\/wpforms-lite\/assets\/images\/submit-spin.svg\" class=\"wpforms-submit-spinner\" style=\"display: none;\" width=\"26\" height=\"26\" alt=\"Loading\"><\/div><\/form><\/div>  <!-- .wpforms-container --><\/div><\/div> <\/div><\/div> <\/div><\/div><!-- Created with Elementor -->","protected":false},"excerpt":{"rendered":"<p>Resumen de Servicios Nos especializamos en varios campos tecnol\u00f3gicos y la integraci\u00f3n de dichas soluciones Redes de datos -Cableado estructurado -Fibra \u00f3ptica-Inal\u00e1mbricas -Seguridades + informaci\u00f3n Infraestructura -Desktops -Port\u00e1tiles -Servidores -Virtualizaci\u00f3n + informaci\u00f3n Seguridad Electr\u00f3nica -CCTV -Intrusi\u00f3n -Acceso -Incendios + informaci\u00f3n Electricidad -Baja y media tensi\u00f3n -Paneles. -UPS -Automatizaci\u00f3n + informaci\u00f3n Presentaci\u00f3n de la empresa Nuestro&hellip; <br \/> <a class=\"read-more\" href=\"https:\/\/inworks-ec.com\/\">Read more<\/a><\/p>\n","protected":false},"author":1,"featured_media":0,"parent":0,"menu_order":0,"comment_status":"closed","ping_status":"closed","template":"page-templates\/homepage.php","meta":{"om_disable_all_campaigns":false,"_monsterinsights_skip_tracking":false,"_monsterinsights_sitenote_active":false,"_monsterinsights_sitenote_note":"","_monsterinsights_sitenote_category":0,"_uf_show_specific_survey":0,"_uf_disable_surveys":false,"footnotes":""},"class_list":["post-8","page","type-page","status-publish","hentry"],"aioseo_notices":[],"_links":{"self":[{"href":"https:\/\/inworks-ec.com\/index.php?rest_route=\/wp\/v2\/pages\/8","targetHints":{"allow":["GET"]}}],"collection":[{"href":"https:\/\/inworks-ec.com\/index.php?rest_route=\/wp\/v2\/pages"}],"about":[{"href":"https:\/\/inworks-ec.com\/index.php?rest_route=\/wp\/v2\/types\/page"}],"author":[{"embeddable":true,"href":"https:\/\/inworks-ec.com\/index.php?rest_route=\/wp\/v2\/users\/1"}],"replies":[{"embeddable":true,"href":"https:\/\/inworks-ec.com\/index.php?rest_route=%2Fwp%2Fv2%2Fcomments&post=8"}],"version-history":[{"count":69,"href":"https:\/\/inworks-ec.com\/index.php?rest_route=\/wp\/v2\/pages\/8\/revisions"}],"predecessor-version":[{"id":310,"href":"https:\/\/inworks-ec.com\/index.php?rest_route=\/wp\/v2\/pages\/8\/revisions\/310"}],"wp:attachment":[{"href":"https:\/\/inworks-ec.com\/index.php?rest_route=%2Fwp%2Fv2%2Fmedia&parent=8"}],"curies":[{"name":"wp","href":"https:\/\/api.w.org\/{rel}","templated":true}]}}